{"id":207667,"date":"2021-01-23T19:04:54","date_gmt":"2021-01-23T19:04:54","guid":{"rendered":"https:\/\/mossjewellery.com\/?post_type=product&#038;p=207667"},"modified":"2025-04-12T10:38:58","modified_gmt":"2025-04-12T10:38:58","slug":"svelnus-uztikrintumas-2","status":"publish","type":"product","link":"https:\/\/mossjewellery.com\/en\/produktas\/svelnus-uztikrintumas-2\/","title":{"rendered":"\u0160velnus u\u017etikrintumas"},"content":{"rendered":"<p>\u0160velniai prie pir\u0161to priglud\u0119s skleid\u017eia pasitik\u0117jimo kerus.<\/p>\n<p>Geltono ir balto aukso draugyst\u0117, papuo\u0161ta briliantu.<\/p>\n<ul>\n<li>Praba: Geltonas ir baltas auksas 585\u2070<\/li>\n<li>Akmuo: Briliantas<\/li>\n<li>Svoris: 3,1 g<\/li>\n<li>Kaina: 450 \u20ac<\/li>\n<\/ul>\n","protected":false},"excerpt":{"rendered":"<p>\u0160velniai prie pir\u0161to priglud\u0119s skleid\u017eia pasitik\u0117jimo kerus.<\/p>\n<p>Geltono ir balto aukso draugyst\u0117, papuo\u0161ta briliantu.<\/p>\n<ul>\n<li>Praba: Geltonas ir baltas auksas 585\u2070<\/li>\n<li>Akmuo: Briliantas<\/li>\n<li>Svoris: 3,1 g<\/li>\n<li>Kaina: 450 \u20ac<\/li>\n<\/ul>\n","protected":false},"featured_media":207630,"comment_status":"open","ping_status":"closed","template":"","meta":{"_et_pb_use_builder":"","_et_pb_old_content":"","_et_gb_content_width":""},"product_cat":[27,28],"product_tag":[],"yoast_head":"<!-- This site is optimized with the Yoast SEO plugin v18.5.1 - https:\/\/yoast.com\/wordpress\/plugins\/seo\/ -->\n<title>\u0160velnus u\u017etikrintumas - MossJewellery.com<\/title>\n<meta name=\"robots\" content=\"index, follow, max-snippet:-1, max-image-preview:large, max-video-preview:-1\" \/>\n<link rel=\"canonical\" href=\"https:\/\/mossjewellery.com\/en\/produktas\/svelnus-uztikrintumas-2\/\" \/>\n<meta property=\"og:locale\" content=\"en_US\" \/>\n<meta property=\"og:type\" content=\"article\" \/>\n<meta property=\"og:title\" content=\"\u0160velnus u\u017etikrintumas - MossJewellery.com\" \/>\n<meta property=\"og:description\" content=\"\u0160velniai prie pir\u0161to priglud\u0119s skleid\u017eia pasitik\u0117jimo kerus.  Geltono ir balto aukso draugyst\u0117, papuo\u0161ta briliantu.   Praba: Geltonas ir baltas auksas 585\u2070  Akmuo: Briliantas  Svoris: 3,1 g  Kaina: 450 \u20ac\" \/>\n<meta property=\"og:url\" content=\"https:\/\/mossjewellery.com\/produktas\/svelnus-uztikrintumas-2\/\" \/>\n<meta property=\"og:site_name\" content=\"MossJewellery.com\" \/>\n<meta property=\"article:publisher\" content=\"https:\/\/www.facebook.com\/mossjewellery.GoldAndSilver\/\" \/>\n<meta property=\"article:modified_time\" content=\"2025-04-12T10:38:58+00:00\" \/>\n<meta property=\"og:image\" content=\"https:\/\/mossjewellery.com\/wp-content\/uploads\/2021\/01\/02653-1.jpg\" \/>\n\t<meta property=\"og:image:width\" content=\"2048\" \/>\n\t<meta property=\"og:image:height\" content=\"2048\" \/>\n\t<meta property=\"og:image:type\" content=\"image\/jpeg\" \/>\n<meta name=\"twitter:card\" content=\"summary_large_image\" \/>\n<script type=\"application\/ld+json\" class=\"yoast-schema-graph\">{\"@context\":\"https:\/\/schema.org\",\"@graph\":[{\"@type\":\"Organization\",\"@id\":\"https:\/\/mossjewellery.com\/#organization\",\"name\":\"MossJewellery.com\",\"url\":\"https:\/\/mossjewellery.com\/\",\"sameAs\":[\"https:\/\/www.facebook.com\/mossjewellery.GoldAndSilver\/\",\"https:\/\/www.instagram.com\/moss_jewellery\/\",\"https:\/\/www.pinterest.com\/mossjewellery\/\"],\"logo\":{\"@type\":\"ImageObject\",\"@id\":\"https:\/\/mossjewellery.com\/#logo\",\"inLanguage\":\"en-US\",\"url\":\"https:\/\/mossjewellery.com\/wp-content\/uploads\/2018\/06\/dark-logo.png\",\"contentUrl\":\"https:\/\/mossjewellery.com\/wp-content\/uploads\/2018\/06\/dark-logo.png\",\"width\":158,\"height\":60,\"caption\":\"MossJewellery.com\"},\"image\":{\"@id\":\"https:\/\/mossjewellery.com\/#logo\"}},{\"@type\":\"WebSite\",\"@id\":\"https:\/\/mossjewellery.com\/#website\",\"url\":\"https:\/\/mossjewellery.com\/\",\"name\":\"MossJewellery.com\",\"description\":\"\",\"publisher\":{\"@id\":\"https:\/\/mossjewellery.com\/#organization\"},\"potentialAction\":[{\"@type\":\"SearchAction\",\"target\":{\"@type\":\"EntryPoint\",\"urlTemplate\":\"https:\/\/mossjewellery.com\/?s={search_term_string}\"},\"query-input\":\"required name=search_term_string\"}],\"inLanguage\":\"en-US\"},{\"@type\":\"ImageObject\",\"@id\":\"https:\/\/mossjewellery.com\/produktas\/svelnus-uztikrintumas-2\/#primaryimage\",\"inLanguage\":\"en-US\",\"url\":\"https:\/\/mossjewellery.com\/wp-content\/uploads\/2021\/01\/02653-1.jpg\",\"contentUrl\":\"https:\/\/mossjewellery.com\/wp-content\/uploads\/2021\/01\/02653-1.jpg\",\"width\":2048,\"height\":2048},{\"@type\":\"WebPage\",\"@id\":\"https:\/\/mossjewellery.com\/produktas\/svelnus-uztikrintumas-2\/#webpage\",\"url\":\"https:\/\/mossjewellery.com\/produktas\/svelnus-uztikrintumas-2\/\",\"name\":\"\u0160velnus u\u017etikrintumas - MossJewellery.com\",\"isPartOf\":{\"@id\":\"https:\/\/mossjewellery.com\/#website\"},\"primaryImageOfPage\":{\"@id\":\"https:\/\/mossjewellery.com\/produktas\/svelnus-uztikrintumas-2\/#primaryimage\"},\"datePublished\":\"2021-01-23T19:04:54+00:00\",\"dateModified\":\"2025-04-12T10:38:58+00:00\",\"breadcrumb\":{\"@id\":\"https:\/\/mossjewellery.com\/produktas\/svelnus-uztikrintumas-2\/#breadcrumb\"},\"inLanguage\":\"en-US\",\"potentialAction\":[{\"@type\":\"ReadAction\",\"target\":[\"https:\/\/mossjewellery.com\/produktas\/svelnus-uztikrintumas-2\/\"]}]},{\"@type\":\"BreadcrumbList\",\"@id\":\"https:\/\/mossjewellery.com\/produktas\/svelnus-uztikrintumas-2\/#breadcrumb\",\"itemListElement\":[{\"@type\":\"ListItem\",\"position\":1,\"name\":\"Home\",\"item\":\"https:\/\/mossjewellery.com\/en\/\"},{\"@type\":\"ListItem\",\"position\":2,\"name\":\"Shop\",\"item\":\"https:\/\/mossjewellery.com\/en\/shop\/\"},{\"@type\":\"ListItem\",\"position\":3,\"name\":\"\u0160velnus u\u017etikrintumas\"}]}]}<\/script>\n<!-- \/ Yoast SEO plugin. -->","yoast_head_json":{"title":"\u0160velnus u\u017etikrintumas - MossJewellery.com","robots":{"index":"index","follow":"follow","max-snippet":"max-snippet:-1","max-image-preview":"max-image-preview:large","max-video-preview":"max-video-preview:-1"},"canonical":"https:\/\/mossjewellery.com\/en\/produktas\/svelnus-uztikrintumas-2\/","og_locale":"en_US","og_type":"article","og_title":"\u0160velnus u\u017etikrintumas - MossJewellery.com","og_description":"\u0160velniai prie pir\u0161to priglud\u0119s skleid\u017eia pasitik\u0117jimo kerus.  Geltono ir balto aukso draugyst\u0117, papuo\u0161ta briliantu.   Praba: Geltonas ir baltas auksas 585\u2070  Akmuo: Briliantas  Svoris: 3,1 g  Kaina: 450 \u20ac","og_url":"https:\/\/mossjewellery.com\/produktas\/svelnus-uztikrintumas-2\/","og_site_name":"MossJewellery.com","article_publisher":"https:\/\/www.facebook.com\/mossjewellery.GoldAndSilver\/","article_modified_time":"2025-04-12T10:38:58+00:00","og_image":[{"width":2048,"height":2048,"url":"https:\/\/mossjewellery.com\/wp-content\/uploads\/2021\/01\/02653-1.jpg","type":"image\/jpeg"}],"twitter_card":"summary_large_image","schema":{"@context":"https:\/\/schema.org","@graph":[{"@type":"Organization","@id":"https:\/\/mossjewellery.com\/#organization","name":"MossJewellery.com","url":"https:\/\/mossjewellery.com\/","sameAs":["https:\/\/www.facebook.com\/mossjewellery.GoldAndSilver\/","https:\/\/www.instagram.com\/moss_jewellery\/","https:\/\/www.pinterest.com\/mossjewellery\/"],"logo":{"@type":"ImageObject","@id":"https:\/\/mossjewellery.com\/#logo","inLanguage":"en-US","url":"https:\/\/mossjewellery.com\/wp-content\/uploads\/2018\/06\/dark-logo.png","contentUrl":"https:\/\/mossjewellery.com\/wp-content\/uploads\/2018\/06\/dark-logo.png","width":158,"height":60,"caption":"MossJewellery.com"},"image":{"@id":"https:\/\/mossjewellery.com\/#logo"}},{"@type":"WebSite","@id":"https:\/\/mossjewellery.com\/#website","url":"https:\/\/mossjewellery.com\/","name":"MossJewellery.com","description":"","publisher":{"@id":"https:\/\/mossjewellery.com\/#organization"},"potentialAction":[{"@type":"SearchAction","target":{"@type":"EntryPoint","urlTemplate":"https:\/\/mossjewellery.com\/?s={search_term_string}"},"query-input":"required name=search_term_string"}],"inLanguage":"en-US"},{"@type":"ImageObject","@id":"https:\/\/mossjewellery.com\/produktas\/svelnus-uztikrintumas-2\/#primaryimage","inLanguage":"en-US","url":"https:\/\/mossjewellery.com\/wp-content\/uploads\/2021\/01\/02653-1.jpg","contentUrl":"https:\/\/mossjewellery.com\/wp-content\/uploads\/2021\/01\/02653-1.jpg","width":2048,"height":2048},{"@type":"WebPage","@id":"https:\/\/mossjewellery.com\/produktas\/svelnus-uztikrintumas-2\/#webpage","url":"https:\/\/mossjewellery.com\/produktas\/svelnus-uztikrintumas-2\/","name":"\u0160velnus u\u017etikrintumas - MossJewellery.com","isPartOf":{"@id":"https:\/\/mossjewellery.com\/#website"},"primaryImageOfPage":{"@id":"https:\/\/mossjewellery.com\/produktas\/svelnus-uztikrintumas-2\/#primaryimage"},"datePublished":"2021-01-23T19:04:54+00:00","dateModified":"2025-04-12T10:38:58+00:00","breadcrumb":{"@id":"https:\/\/mossjewellery.com\/produktas\/svelnus-uztikrintumas-2\/#breadcrumb"},"inLanguage":"en-US","potentialAction":[{"@type":"ReadAction","target":["https:\/\/mossjewellery.com\/produktas\/svelnus-uztikrintumas-2\/"]}]},{"@type":"BreadcrumbList","@id":"https:\/\/mossjewellery.com\/produktas\/svelnus-uztikrintumas-2\/#breadcrumb","itemListElement":[{"@type":"ListItem","position":1,"name":"Home","item":"https:\/\/mossjewellery.com\/en\/"},{"@type":"ListItem","position":2,"name":"Shop","item":"https:\/\/mossjewellery.com\/en\/shop\/"},{"@type":"ListItem","position":3,"name":"\u0160velnus u\u017etikrintumas"}]}]}},"_links":{"self":[{"href":"https:\/\/mossjewellery.com\/en\/wp-json\/wp\/v2\/product\/207667"}],"collection":[{"href":"https:\/\/mossjewellery.com\/en\/wp-json\/wp\/v2\/product"}],"about":[{"href":"https:\/\/mossjewellery.com\/en\/wp-json\/wp\/v2\/types\/product"}],"replies":[{"embeddable":true,"href":"https:\/\/mossjewellery.com\/en\/wp-json\/wp\/v2\/comments?post=207667"}],"wp:featuredmedia":[{"embeddable":true,"href":"https:\/\/mossjewellery.com\/en\/wp-json\/wp\/v2\/media\/207630"}],"wp:attachment":[{"href":"https:\/\/mossjewellery.com\/en\/wp-json\/wp\/v2\/media?parent=207667"}],"wp:term":[{"taxonomy":"product_cat","embeddable":true,"href":"https:\/\/mossjewellery.com\/en\/wp-json\/wp\/v2\/product_cat?post=207667"},{"taxonomy":"product_tag","embeddable":true,"href":"https:\/\/mossjewellery.com\/en\/wp-json\/wp\/v2\/product_tag?post=207667"}],"curies":[{"name":"wp","href":"https:\/\/api.w.org\/{rel}","templated":true}]}}